{"id":13,"date":"2006-10-08T11:10:07","date_gmt":"2006-10-08T09:10:07","guid":{"rendered":"http:\/\/tayeb.fr\/wordpress\/?page_id=13"},"modified":"2012-02-27T19:03:45","modified_gmt":"2012-02-27T18:03:45","slug":"a-lire","status":"publish","type":"page","link":"https:\/\/tayeb.fr\/wordpress\/a-lire\/","title":{"rendered":"A lire"},"content":{"rendered":"<p>Si vous cherchez quelque chose d&rsquo;ordonn\u00e9, allez plut\u00f4t sur <a href=\"http:\/\/tayeb.fr\">http:\/\/tayeb.fr<\/a>.<\/p>\n<p>Ici (sur le blog), c&rsquo;est plut\u00f4t un espace de communication avec d&rsquo;autres amis qui suivent le fil RSS de cette page.<\/p>\n<p>Pour ceux qui ne sont pas familiers avec ce genre d&rsquo;espace:<\/p>\n<ul>\n<li>Par d\u00e9faut, les \u00ab\u00a0articles\u00a0\u00bb s&rsquo;entassent dans l&rsquo;ordre chronologique (les plus r\u00e9cents en haut). Pour revenir \u00e0 la pr\u00e9sentation par d\u00e9faut, cliquer sur \u00ab\u00a0Blog GT\u00a0\u00bb en haut de la page.<\/li>\n<li>Les articles peuvent \u00eatre aussi class\u00e9s par \u00ab\u00a0Cat\u00e9gories\u00a0\u00bb. Il y a un menu dans la marge pour acc\u00e9der au tri par cat\u00e9gories.<\/li>\n<li>Vous pouvez laisser des commentaires \u00e0 un article. Ils n&rsquo;apparaitront pas tout de suite. Il faut d&rsquo;abord que j&rsquo;en autorise la parution. Comme je recevais \u00e0 peu pr\u00e8s 80 spams par jour sous forme de commentaires, j&rsquo;ai mis un filtre de spam sur les commentaires. Si le v\u00f4tre n&rsquo;appara\u00eet pas dans les 24h, c&rsquo;est qu&rsquo;il a \u00e9t\u00e9 intercept\u00e9 par le filtre (ou que je suis en vacances). Veuillez m&rsquo;envoyer <a href=\"http:\/\/tayeb.fr\/email.htm\" target=\"_blank\">un mail<\/a> pour que je le r\u00e9cup\u00e8re \u00e0 la corbeille.<\/li>\n<\/ul>\n<p>Abonnements:<\/p>\n<ul>\n<li>Vous pouvez vous abonner aux flux de diffusion RSS (<a href=\"http:\/\/tayeb.fr\/informatique\/messagerie.htm#RSS_avec_Thunderbird\">c&rsquo;est enfantin si vous utilisez d\u00e9j\u00e0 Thunderbird<\/a>, sinon il existe des tas de m\u00e9thodes). Il existe un fil RSS pour les articles et un autre pour les commentaires (voir dans la marge \u00e0 gauche, \u00e0 la rubrique M\u00c9TA). Ainsi, vous recevrez automatiquement les nouvelles parutions de ce blog. C&rsquo;est de loin la m\u00e9thode la plus pratique. Sinon, voyez ci-dessous.<\/li>\n<li>Pour ceux qui ne sont pas familiers avec les flux RSS, j&rsquo;ai rajout\u00e9 une possibilit\u00e9 de notification par email aux nouveaux articles (voir le menu en marge). Pour l&rsquo;instant, il est impossible de recevoir les commentaires par ce moyen, ce qui vous prive de certaines informations.<\/li>\n<li>Vous pouvez \u00e9galement \u00eatre notifi\u00e9 des r\u00e9ponses en commentaires en laissant vous-m\u00eame un commentaire, et en cochant l&rsquo;option appropri\u00e9e avant de valider votre commentaire.<\/li>\n<\/ul>\n<p>G\u00e9rard<\/p>\n","protected":false},"excerpt":{"rendered":"<p>Si vous cherchez quelque chose d&rsquo;ordonn\u00e9, allez plut\u00f4t sur http:\/\/tayeb.fr. Ici (sur le blog), c&rsquo;est plut\u00f4t un espace de communication avec d&rsquo;autres amis qui suivent le fil RSS de cette page. Pour ceux qui ne sont pas familiers avec ce genre d&rsquo;espace: Par d\u00e9faut, les \u00ab\u00a0articles\u00a0\u00bb s&rsquo;entassent dans l&rsquo;ordre chronologique (les plus r\u00e9cents en haut). [&hellip;]<\/p>\n","protected":false},"author":8,"featured_media":0,"parent":0,"menu_order":0,"comment_status":"open","ping_status":"open","template":"","meta":{"footnotes":""},"class_list":["post-13","page","type-page","status-publish","hentry"],"jetpack_sharing_enabled":true,"jetpack_shortlink":"https:\/\/wp.me\/P4nbll-d","_links":{"self":[{"href":"https:\/\/tayeb.fr\/wordpress\/wp-json\/wp\/v2\/pages\/13","targetHints":{"allow":["GET"]}}],"collection":[{"href":"https:\/\/tayeb.fr\/wordpress\/wp-json\/wp\/v2\/pages"}],"about":[{"href":"https:\/\/tayeb.fr\/wordpress\/wp-json\/wp\/v2\/types\/page"}],"author":[{"embeddable":true,"href":"https:\/\/tayeb.fr\/wordpress\/wp-json\/wp\/v2\/users\/8"}],"replies":[{"embeddable":true,"href":"https:\/\/tayeb.fr\/wordpress\/wp-json\/wp\/v2\/comments?post=13"}],"version-history":[{"count":21,"href":"https:\/\/tayeb.fr\/wordpress\/wp-json\/wp\/v2\/pages\/13\/revisions"}],"predecessor-version":[{"id":1157,"href":"https:\/\/tayeb.fr\/wordpress\/wp-json\/wp\/v2\/pages\/13\/revisions\/1157"}],"wp:attachment":[{"href":"https:\/\/tayeb.fr\/wordpress\/wp-json\/wp\/v2\/media?parent=13"}],"curies":[{"name":"wp","href":"https:\/\/api.w.org\/{rel}","templated":true}]}}